{"id":7335,"date":"2025-04-01T10:43:48","date_gmt":"2025-04-01T10:43:48","guid":{"rendered":"https:\/\/movixtel.com\/servicios\/"},"modified":"2025-09-23T08:18:08","modified_gmt":"2025-09-23T08:18:08","slug":"serveis","status":"publish","type":"page","link":"https:\/\/movixtel.com\/ca\/serveis\/","title":{"rendered":"Serveis"},"content":{"rendered":"<div class=\"wpb-content-wrapper\">[vc_section full_width=&#8221;stretch_row_content&#8221; css=&#8221;.vc_custom_1743581900589{padding-top: 80px !important;padding-bottom: 80px !important;}&#8221;][vc_row content_placement=&#8221;middle&#8221; column_spacing=&#8221;0px&#8221; gap=&#8221;35&#8243; remove_bottom_col_margin=&#8221;true&#8221; max_width_custom=&#8221;1400px&#8221;][vc_column width=&#8221;1\/2&#8243; el_class=&#8221;caixa-seveis&#8221;]<style>.vcex-heading.vcex_69dc05ad69d51{color:var(--wpex-palette-4643-color);font-size:30px;}<\/style><h2 class=\"vcex-heading vcex-heading-plain vcex-module wpex-heading wpex-text-2xl wpex-mb-20 vcex_69dc05ad69d51\"><span class=\"vcex-heading-inner wpex-inline-block\">Fibra i m\u00f2bil<\/span><\/h2>[vc_column_text css=&#8221;&#8221; font_size=&#8221;16px&#8221; font_weight=&#8221;300&#8243; color=&#8221;palette-4643&#8243;]<strong>Estalvia en la teva factura de fibra i m\u00f2bil amb les millors tarifes del mercat<\/strong>. Com a distribu\u00efdors autoritzats d&#8217;O2, Lowi, Jazztel i altres operadors, t&#8217;ajudem a trobar l&#8217;opci\u00f3 que millor s&#8217;adapti a les teves necessitats.<\/p>\n<p>Gaudeix de cobertura de qualitat, sense perman\u00e8ncies i amb preus ajustats. T&#8217;assessorem de manera gratu\u00efta i transparent perqu\u00e8 paguis nom\u00e9s pel que realment necessites.<\/p>\n<p>Comen\u00e7a a estalviar avui mateix![\/vc_column_text]<div class=\"vcex-spacing wpex-w-100 wpex-clear\"><\/div><style>.vcex-button.vcex_69dc05ad6b728{border-radius:var(--wpex-rounded-full);color:var(--wpex-palette-4643-color)!important;border:1px solid #ffffff;font-size:15px;}.vcex-button.vcex_69dc05ad6b728:hover{background:var(--wpex-palette-4643-color)!important;color:var(--wpex-palette-4641-color)!important;}<\/style><a href=\"\/ca\/operadors\/\" class=\"vcex-button theme-button minimal-border inline vcex_69dc05ad6b728\"><span class=\"vcex-button-inner theme-button-inner wpex-flex wpex-flex-wrap wpex-items-center wpex-justify-center\">M\u00e9s informaci\u00f3<span class=\"vcex-button-icon vcex-icon-wrap theme-button-icon-right\"><span class=\"wpex-icon wpex-icon--bidi\" aria-hidden=\"true\"><svg xmlns=\"http:\/\/www.w3.org\/2000\/svg\" viewBox=\"0 0 320 512\"><path d=\"M278.6 233.4c12.5 12.5 12.5 32.8 0 45.3l-160 160c-12.5 12.5-32.8 12.5-45.3 0s-12.5-32.8 0-45.3L210.7 256 73.4 118.6c-12.5-12.5-12.5-32.8 0-45.3s32.8-12.5 45.3 0l160 160z\"\/><\/svg><\/span><\/span><\/span><\/a> [\/vc_column][vc_column parallax=&#8221;content-moving&#8221; parallax_image=&#8221;5074&#8243; width=&#8221;1\/2&#8243; min_height=&#8221;380px&#8221;][\/vc_column][\/vc_row][vc_row content_placement=&#8221;middle&#8221; column_spacing=&#8221;0px&#8221; gap=&#8221;35&#8243; remove_bottom_col_margin=&#8221;true&#8221; columns_right=&#8221;yes&#8221; max_width_custom=&#8221;1400px&#8221;][vc_column width=&#8221;1\/2&#8243; el_class=&#8221;caixa-seveis&#8221;]<style>.vcex-heading.vcex_69dc05ad6c1a5{color:var(--wpex-palette-4643-color);font-size:30px;}<\/style><h2 class=\"vcex-heading vcex-heading-plain vcex-module wpex-heading wpex-text-2xl wpex-mb-20 vcex_69dc05ad6c1a5\"><span class=\"vcex-heading-inner wpex-inline-block\">Reparaci\u00f3 de m\u00f2bils de totes les marques<\/span><\/h2>[vc_column_text css=&#8221;&#8221; font_size=&#8221;16px&#8221; font_weight=&#8221;300&#8243; color=&#8221;palette-4643&#8243;]Reparem m\u00f2bils de totes les marques amb rapidesa i garantia. El nostre <strong>equip de t\u00e8cnics especialitzats diagnostica i soluciona qualsevol problema<\/strong>, des de pantalles trencades fins a fallades de bateria o connectivitat. Utilitzem recanvis d&#8217;alta qualitat per a assegurar el millor rendiment del teu dispositiu.<\/p>\n<p>A m\u00e9s, oferim servei expr\u00e9s perqu\u00e8 no hagis d&#8217;estar sense el teu m\u00f2bil m\u00e9s temps del necessari. Treballem amb iPhone, Samsung, Xiaomi, Huawei i moltes m\u00e9s marques. Tamb\u00e9 realitzem reparacions de programari, recuperaci\u00f3 de dades i alliberament de dispositius. Confia en la nostra experi\u00e8ncia i atenci\u00f3 personalitzada. Pressupost sense comprom\u00eds i preus competitius. Veuen a veure&#8217;ns i deixa el teu m\u00f2bil en mans expertes.<\/p>\n<p>El teu tel\u00e8fon intel\u00b7ligent com a nou en el menor temps possible![\/vc_column_text]<div class=\"vcex-spacing wpex-w-100 wpex-clear\"><\/div><style>.vcex-button.vcex_69dc05ad6ce03{border-radius:var(--wpex-rounded-full);color:var(--wpex-palette-4643-color)!important;border:1px solid #ffffff;font-size:15px;}.vcex-button.vcex_69dc05ad6ce03:hover{background:var(--wpex-palette-4643-color)!important;color:var(--wpex-palette-4641-color)!important;}<\/style><a href=\"\/ca\/reparacions\/\" class=\"vcex-button theme-button minimal-border inline vcex_69dc05ad6ce03\" title=\"Reparacions\"><span class=\"vcex-button-inner theme-button-inner wpex-flex wpex-flex-wrap wpex-items-center wpex-justify-center\">M\u00e9s informaci\u00f3<span class=\"vcex-button-icon vcex-icon-wrap theme-button-icon-right\"><span class=\"wpex-icon wpex-icon--bidi\" aria-hidden=\"true\"><svg xmlns=\"http:\/\/www.w3.org\/2000\/svg\" viewBox=\"0 0 320 512\"><path d=\"M278.6 233.4c12.5 12.5 12.5 32.8 0 45.3l-160 160c-12.5 12.5-32.8 12.5-45.3 0s-12.5-32.8 0-45.3L210.7 256 73.4 118.6c-12.5-12.5-12.5-32.8 0-45.3s32.8-12.5 45.3 0l160 160z\"\/><\/svg><\/span><\/span><\/span><\/a> [\/vc_column][vc_column parallax=&#8221;content-moving&#8221; parallax_image=&#8221;5104&#8243; width=&#8221;1\/2&#8243; min_height=&#8221;380px&#8221;][\/vc_column][\/vc_row][vc_row content_placement=&#8221;middle&#8221; column_spacing=&#8221;0px&#8221; gap=&#8221;35&#8243; remove_bottom_col_margin=&#8221;true&#8221; max_width_custom=&#8221;1400px&#8221;][vc_column width=&#8221;1\/2&#8243; el_class=&#8221;caixa-seveis&#8221;]<style>.vcex-heading.vcex_69dc05ad6da25{color:var(--wpex-palette-4643-color);font-size:30px;}<\/style><h2 class=\"vcex-heading vcex-heading-plain vcex-module wpex-heading wpex-text-2xl wpex-mb-10 vcex_69dc05ad6da25\"><span class=\"vcex-heading-inner wpex-inline-block\">Botiga en l\u00ednia d'iPhone recondicionats<\/span><\/h2><style>.vcex-heading.vcex_69dc05ad6e466{color:var(--wpex-palette-4643-color);font-size:24px;}<\/style><h2 class=\"vcex-heading vcex-heading-plain vcex-module wpex-heading wpex-text-2xl wpex-mb-20 vcex_69dc05ad6e466\"><span class=\"vcex-heading-inner wpex-inline-block\">Estalvia comparant qualitat i preu<\/span><\/h2>[vc_column_text css=&#8221;&#8221; font_size=&#8221;16px&#8221; font_weight=&#8221;300&#8243; color=&#8221;palette-4643&#8243;]Descobreix la nostra <strong>gamma d&#8217;iPhone recondicionats acuradament seleccionats: la forma m\u00e9s intel\u00b7ligent de gaudir d&#8217;un tel\u00e8fon intel\u00b7ligent Apple premium sense pagar de m\u00e9s.<\/strong><\/p>\n<p>Per qu\u00e8 triar <strong>Movixtel<\/strong> per a comprar el teu iPhone recondicionat?<\/p>\n<ul>\n<li><strong>Comparativa transparent:<\/strong> avaluem diferents unitats de prove\u00efdors de confian\u00e7a i nom\u00e9s llistem les que compleixen els nostres est\u00e0ndards de funcionament, bateria i est\u00e8tica.<\/li>\n<li><strong>Garantia pr\u00f2pia:<\/strong> recolzem la teva compra amb un per\u00edode de garantia clara, perqu\u00e8 compris amb total tranquil\u00b7litat.<\/li>\n<li><strong>Estalvis de fins a un 40%<\/strong> respecte al preu de mercat d&#8217;un iPhone nou.<\/li>\n<li><strong>Enviament r\u00e0pid i segur:<\/strong> treballem amb operadors fiables perqu\u00e8 rebis la teva comanda al m\u00e9s aviat possible i sense sorpreses.<\/li>\n<li><strong>Atenci\u00f3 personalitzada:<\/strong> el nostre equip t&#8217;assessora en l&#8217;elecci\u00f3 del model ideal segons el teu \u00fas (fotografia, gaming, oficina\u2026) i pressupost.<\/li>\n<\/ul>\n<p><strong>Compra amb confian\u00e7a:<\/strong> pagament 100% segur, devolucions senzilles i servei de postvenda dedicat. Compara preus, selecciona l&#8217;iPhone recondicionat que millor s&#8217;adapti a tu i estalvia sense renunciar a la qualitat.<\/p>\n<p>Troba avui el teu iPhone recondicionat barat i de qualitat en\u00a0<a href=\"http:\/\/movixtel.com\/\" target=\"_blank\" rel=\"noopener\" data-saferedirecturl=\"https:\/\/www.google.com\/url?q=http:\/\/movixtel.com&amp;source=gmail&amp;ust=1746515513279000&amp;usg=AOvVaw1B78dfzgTA5uJHWzvRjyZB\">movixtel.com<\/a>[\/vc_column_text]<div class=\"vcex-spacing wpex-w-100 wpex-clear\"><\/div><style>.vcex-button.vcex_69dc05ad6f3c7{border-radius:var(--wpex-rounded-full);color:var(--wpex-palette-4643-color)!important;border:1px solid #ffffff;font-size:15px;}.vcex-button.vcex_69dc05ad6f3c7:hover{background:var(--wpex-palette-4643-color)!important;color:var(--wpex-palette-4641-color)!important;}<\/style><a href=\"\/ca\/botiga\/\" class=\"vcex-button theme-button minimal-border inline vcex_69dc05ad6f3c7\" title=\"Botiga\"><span class=\"vcex-button-inner theme-button-inner wpex-flex wpex-flex-wrap wpex-items-center wpex-justify-center\">Anar a la botiga<span class=\"vcex-button-icon vcex-icon-wrap theme-button-icon-right\"><span class=\"wpex-icon wpex-icon--bidi\" aria-hidden=\"true\"><svg xmlns=\"http:\/\/www.w3.org\/2000\/svg\" viewBox=\"0 0 320 512\"><path d=\"M278.6 233.4c12.5 12.5 12.5 32.8 0 45.3l-160 160c-12.5 12.5-32.8 12.5-45.3 0s-12.5-32.8 0-45.3L210.7 256 73.4 118.6c-12.5-12.5-12.5-32.8 0-45.3s32.8-12.5 45.3 0l160 160z\"\/><\/svg><\/span><\/span><\/span><\/a> [\/vc_column][vc_column parallax=&#8221;content-moving&#8221; parallax_image=&#8221;5101&#8243; width=&#8221;1\/2&#8243; min_height=&#8221;380px&#8221;][\/vc_column][\/vc_row][\/vc_section][vc_row remove_bottom_col_margin=&#8221;true&#8221;][vc_column]<div class=\"templatera_shortcode\"><style type=\"text\/css\" data-type=\"vc_shortcodes-custom-css\">.vc_custom_1742383378148{padding-top: 50px !important;padding-bottom: 50px !important;}.vc_custom_1758616274109{padding-bottom: 15px !important;}<\/style><div class=\"vc_row wpb_row vc_row-fluid degradat-corporatiu vc_custom_1742383378148 wpex-vc-full-width-row wpex-vc-full-width-row--centered wpex-relative wpex-vc_row-has-fill no-bottom-margins wpex-vc-reset-negative-margin wpex-parallax-bg-wrap\"><div class=\"wpb_column vc_column_container vc_col-sm-12\"><div class=\"vc_column-inner\"><div class=\"wpb_wrapper\"><style>.vcex-heading.vcex_69dc05ad71c85{color:var(--wpex-palette-4643-color);font-size:32px;font-weight:700;}<\/style><h2 class=\"vcex-heading vcex-heading-plain vcex-module wpex-heading wpex-text-2xl wpex-text-center vc_custom_1758616274109 vcex_69dc05ad71c85\"><span class=\"vcex-heading-inner wpex-inline-block\">Contacta amb nosaltres<\/span><\/h2>\n\t<div style=\"color:var(--wpex-palette-4643-color);font-size:18px;font-weight:300;text-align:center;width:600px;\" class=\"wpb_text_column has-custom-color wpex-child-inherit-color wpex-max-w-100 wpex-mx-auto wpb_content_element\" >\n\t\t<div class=\"wpb_wrapper\">\n\t\t\t<p><strong>Movixtel<\/strong> \u2013 La teva botiga de telecomunicacions i tecnologia a Sabadell, amb enviament i serveis en l\u00ednia per a tota Espanya.<\/p>\n\n\t\t<\/div>\n\t<\/div>\n<div class=\"vcex-spacing wpex-w-100 wpex-clear\"><\/div><style>.vcex-button.vcex_69dc05ad731dc{border-radius:var(--wpex-rounded-full);color:var(--wpex-palette-4643-color)!important;border:1px solid #ffffff;font-size:16px;font-weight:400;}.vcex-button.vcex_69dc05ad731dc:hover{background:var(--wpex-palette-4643-color)!important;color:var(--wpex-palette-4642-color)!important;}<\/style><div class=\"theme-button-wrap textcenter wpex-clr\"><a href=\"\/ca\/contacte\/\" class=\"vcex-button theme-button minimal-border align-center inline vcex_69dc05ad731dc\" title=\"Contacte\"><span class=\"vcex-button-inner theme-button-inner wpex-flex wpex-flex-wrap wpex-items-center wpex-justify-center\">Contactar<span class=\"vcex-button-icon vcex-icon-wrap theme-button-icon-right\"><span class=\"wpex-icon\" aria-hidden=\"true\"><svg xmlns=\"http:\/\/www.w3.org\/2000\/svg\" viewBox=\"0 0 640 512\"><path d=\"M88.2 309.1c9.8-18.3 6.8-40.8-7.5-55.8C59.4 230.9 48 204 48 176c0-63.5 63.8-128 160-128s160 64.5 160 128s-63.8 128-160 128c-13.1 0-25.8-1.3-37.8-3.6c-10.4-2-21.2-.6-30.7 4.2c-4.1 2.1-8.3 4.1-12.6 6c-16 7.2-32.9 13.5-49.9 18c2.8-4.6 5.4-9.1 7.9-13.6c1.1-1.9 2.2-3.9 3.2-5.9zM0 176c0 41.8 17.2 80.1 45.9 110.3c-.9 1.7-1.9 3.5-2.8 5.1c-10.3 18.4-22.3 36.5-36.6 52.1c-6.6 7-8.3 17.2-4.6 25.9C5.8 378.3 14.4 384 24 384c43 0 86.5-13.3 122.7-29.7c4.8-2.2 9.6-4.5 14.2-6.8c15.1 3 30.9 4.5 47.1 4.5c114.9 0 208-78.8 208-176S322.9 0 208 0S0 78.8 0 176zM432 480c16.2 0 31.9-1.6 47.1-4.5c4.6 2.3 9.4 4.6 14.2 6.8C529.5 498.7 573 512 616 512c9.6 0 18.2-5.7 22-14.5c3.8-8.8 2-19-4.6-25.9c-14.2-15.6-26.2-33.7-36.6-52.1c-.9-1.7-1.9-3.4-2.8-5.1C622.8 384.1 640 345.8 640 304c0-94.4-87.9-171.5-198.2-175.8c4.1 15.2 6.2 31.2 6.2 47.8l0 .6c87.2 6.7 144 67.5 144 127.4c0 28-11.4 54.9-32.7 77.2c-14.3 15-17.3 37.6-7.5 55.8c1.1 2 2.2 4 3.2 5.9c2.5 4.5 5.2 9 7.9 13.6c-17-4.5-33.9-10.7-49.9-18c-4.3-1.9-8.5-3.9-12.6-6c-9.5-4.8-20.3-6.2-30.7-4.2c-12.1 2.4-24.7 3.6-37.8 3.6c-61.7 0-110-26.5-136.8-62.3c-16 5.4-32.8 9.4-50 11.8C279 439.8 350 480 432 480z\"\/><\/svg><\/span><\/span><\/span><\/a><\/div> <\/div><\/div><\/div><\/div><\/div>[\/vc_column][\/vc_row]\n<\/div>","protected":false},"excerpt":{"rendered":"Fibra i m\u00f2bil Estalvia en la teva factura de fibra i m\u00f2bil amb les millors tarifes del mercat. Com a distribu\u00efdors autoritzats d'O2, Lowi, Jazztel i altres operadors, t'ajudem a trobar l'opci\u00f3 que millor s'adapti a les teves necessitats. Gaudeix de cobertura de qualitat, sense perman\u00e8ncies i amb preus ajustats. T'assessorem de manera gratu\u00efta i&hellip;","protected":false},"author":1,"featured_media":0,"parent":0,"menu_order":0,"comment_status":"closed","ping_status":"closed","template":"","meta":{"_joinchat":[],"footnotes":""},"class_list":["post-7335","page","type-page","status-publish","hentry","entry","no-media"],"yoast_head":"<!-- This site is optimized with the Yoast SEO plugin v26.0 - https:\/\/yoast.com\/wordpress\/plugins\/seo\/ -->\n<title>Serveis - Movixtel<\/title>\n<meta name=\"robots\" content=\"index, follow, max-snippet:-1, max-image-preview:large, max-video-preview:-1\" \/>\n<link rel=\"canonical\" href=\"https:\/\/movixtel.com\/ca\/serveis\/\" \/>\n<meta property=\"og:locale\" content=\"ca_ES\" \/>\n<meta property=\"og:type\" content=\"article\" \/>\n<meta property=\"og:title\" content=\"Serveis - Movixtel\" \/>\n<meta property=\"og:url\" content=\"https:\/\/movixtel.com\/ca\/serveis\/\" \/>\n<meta property=\"og:site_name\" content=\"Movixtel\" \/>\n<meta property=\"article:modified_time\" content=\"2025-09-23T08:18:08+00:00\" \/>\n<meta name=\"twitter:card\" content=\"summary_large_image\" \/>\n<meta name=\"twitter:label1\" content=\"Temps estimat de lectura\" \/>\n\t<meta name=\"twitter:data1\" content=\"3 minuts\" \/>\n<script type=\"application\/ld+json\" class=\"yoast-schema-graph\">{\"@context\":\"https:\/\/schema.org\",\"@graph\":[{\"@type\":\"WebPage\",\"@id\":\"https:\/\/movixtel.com\/ca\/serveis\/\",\"url\":\"https:\/\/movixtel.com\/ca\/serveis\/\",\"name\":\"Serveis - Movixtel\",\"isPartOf\":{\"@id\":\"https:\/\/movixtel.com\/#website\"},\"datePublished\":\"2025-04-01T10:43:48+00:00\",\"dateModified\":\"2025-09-23T08:18:08+00:00\",\"breadcrumb\":{\"@id\":\"https:\/\/movixtel.com\/ca\/serveis\/#breadcrumb\"},\"inLanguage\":\"ca\",\"potentialAction\":[{\"@type\":\"ReadAction\",\"target\":[\"https:\/\/movixtel.com\/ca\/serveis\/\"]}]},{\"@type\":\"BreadcrumbList\",\"@id\":\"https:\/\/movixtel.com\/ca\/serveis\/#breadcrumb\",\"itemListElement\":[{\"@type\":\"ListItem\",\"position\":1,\"name\":\"Home\",\"item\":\"https:\/\/movixtel.com\/ca\/\"},{\"@type\":\"ListItem\",\"position\":2,\"name\":\"Serveis\"}]},{\"@type\":\"WebSite\",\"@id\":\"https:\/\/movixtel.com\/#website\",\"url\":\"https:\/\/movixtel.com\/\",\"name\":\"Movixtel\",\"description\":\"Soluciones para conectar tu mundo\",\"potentialAction\":[{\"@type\":\"SearchAction\",\"target\":{\"@type\":\"EntryPoint\",\"urlTemplate\":\"https:\/\/movixtel.com\/?s={search_term_string}\"},\"query-input\":{\"@type\":\"PropertyValueSpecification\",\"valueRequired\":true,\"valueName\":\"search_term_string\"}}],\"inLanguage\":\"ca\"}]}<\/script>\n<!-- \/ Yoast SEO plugin. -->","yoast_head_json":{"title":"Serveis - Movixtel","robots":{"index":"index","follow":"follow","max-snippet":"max-snippet:-1","max-image-preview":"max-image-preview:large","max-video-preview":"max-video-preview:-1"},"canonical":"https:\/\/movixtel.com\/ca\/serveis\/","og_locale":"ca_ES","og_type":"article","og_title":"Serveis - Movixtel","og_url":"https:\/\/movixtel.com\/ca\/serveis\/","og_site_name":"Movixtel","article_modified_time":"2025-09-23T08:18:08+00:00","twitter_card":"summary_large_image","twitter_misc":{"Temps estimat de lectura":"3 minuts"},"schema":{"@context":"https:\/\/schema.org","@graph":[{"@type":"WebPage","@id":"https:\/\/movixtel.com\/ca\/serveis\/","url":"https:\/\/movixtel.com\/ca\/serveis\/","name":"Serveis - Movixtel","isPartOf":{"@id":"https:\/\/movixtel.com\/#website"},"datePublished":"2025-04-01T10:43:48+00:00","dateModified":"2025-09-23T08:18:08+00:00","breadcrumb":{"@id":"https:\/\/movixtel.com\/ca\/serveis\/#breadcrumb"},"inLanguage":"ca","potentialAction":[{"@type":"ReadAction","target":["https:\/\/movixtel.com\/ca\/serveis\/"]}]},{"@type":"BreadcrumbList","@id":"https:\/\/movixtel.com\/ca\/serveis\/#breadcrumb","itemListElement":[{"@type":"ListItem","position":1,"name":"Home","item":"https:\/\/movixtel.com\/ca\/"},{"@type":"ListItem","position":2,"name":"Serveis"}]},{"@type":"WebSite","@id":"https:\/\/movixtel.com\/#website","url":"https:\/\/movixtel.com\/","name":"Movixtel","description":"Soluciones para conectar tu mundo","potentialAction":[{"@type":"SearchAction","target":{"@type":"EntryPoint","urlTemplate":"https:\/\/movixtel.com\/?s={search_term_string}"},"query-input":{"@type":"PropertyValueSpecification","valueRequired":true,"valueName":"search_term_string"}}],"inLanguage":"ca"}]}},"_links":{"self":[{"href":"https:\/\/movixtel.com\/ca\/wp-json\/wp\/v2\/pages\/7335","targetHints":{"allow":["GET"]}}],"collection":[{"href":"https:\/\/movixtel.com\/ca\/wp-json\/wp\/v2\/pages"}],"about":[{"href":"https:\/\/movixtel.com\/ca\/wp-json\/wp\/v2\/types\/page"}],"author":[{"embeddable":true,"href":"https:\/\/movixtel.com\/ca\/wp-json\/wp\/v2\/users\/1"}],"replies":[{"embeddable":true,"href":"https:\/\/movixtel.com\/ca\/wp-json\/wp\/v2\/comments?post=7335"}],"version-history":[{"count":2,"href":"https:\/\/movixtel.com\/ca\/wp-json\/wp\/v2\/pages\/7335\/revisions"}],"predecessor-version":[{"id":7341,"href":"https:\/\/movixtel.com\/ca\/wp-json\/wp\/v2\/pages\/7335\/revisions\/7341"}],"wp:attachment":[{"href":"https:\/\/movixtel.com\/ca\/wp-json\/wp\/v2\/media?parent=7335"}],"curies":[{"name":"wp","href":"https:\/\/api.w.org\/{rel}","templated":true}]}}