{"id":7265,"date":"2025-03-21T10:09:20","date_gmt":"2025-03-21T10:09:20","guid":{"rendered":"https:\/\/movixtel.com\/botiga\/"},"modified":"2025-09-24T08:01:46","modified_gmt":"2025-09-24T08:01:46","slug":"botiga","status":"publish","type":"page","link":"https:\/\/movixtel.com\/ca\/botiga\/","title":{"rendered":"Botiga"},"content":{"rendered":"<div class=\"wpb-content-wrapper\">[vc_section css=&#8221;.vc_custom_1742552088477{padding-top: 80px !important;padding-bottom: 80px !important;}&#8221;][vc_row remove_bottom_col_margin=&#8221;true&#8221;][vc_column]<div class=\"wpex-post-cards wpex-post-cards-product_2 wpex-relative\"><div class=\"wpex-post-cards-inner\"><div class=\"wpex-post-cards-loop wpex-post-cards-grid wpex-row wpex-clr\"><div class=\"wpex-post-cards-entry col col-1 span_1_of_3 span_1_of_2_pl span_1_of_1_pp post-7379 type-popup\"><div class=\"wpex-card wpex-card-product_2\"><div class=\"wpex-card-inner\"><div class=\"wpex-card-inner wpex-relative wpex-text-center wpex-p-15 wpex-surface-1 wpex-border wpex-border-solid wpex-border-gray-200\"><div class=\"wpex-card-details wpex-last-mb-0\"><h2 class=\"wpex-card-title wpex-heading wpex-text-md wpex-mb-5\">Formulari sol\u00b7licitar cita de contractaci\u00f3<\/h2><\/div><\/div><\/div><\/div><\/div><div class=\"wpex-post-cards-entry col col-2 span_1_of_3 span_1_of_2_pl span_1_of_1_pp post-7382 type-popup\"><div class=\"wpex-card wpex-card-product_2\"><div class=\"wpex-card-inner\"><div class=\"wpex-card-inner wpex-relative wpex-text-center wpex-p-15 wpex-surface-1 wpex-border wpex-border-solid wpex-border-gray-200\"><div class=\"wpex-card-details wpex-last-mb-0\"><h2 class=\"wpex-card-title wpex-heading wpex-text-md wpex-mb-5\">Formulari de reparaci\u00f3<\/h2><\/div><\/div><\/div><\/div><\/div><\/div><\/div><\/div>[\/vc_column][\/vc_row][\/vc_section][vc_row remove_bottom_col_margin=&#8221;true&#8221;][vc_column]<div class=\"templatera_shortcode\"><style type=\"text\/css\" data-type=\"vc_shortcodes-custom-css\">.vc_custom_1742383378148{padding-top: 50px !important;padding-bottom: 50px !important;}.vc_custom_1758616274109{padding-bottom: 15px !important;}<\/style><div class=\"vc_row wpb_row vc_row-fluid degradat-corporatiu vc_custom_1742383378148 wpex-vc-full-width-row wpex-vc-full-width-row--centered wpex-relative wpex-vc_row-has-fill no-bottom-margins wpex-vc-reset-negative-margin wpex-parallax-bg-wrap\"><div class=\"wpb_column vc_column_container vc_col-sm-12\"><div class=\"vc_column-inner\"><div class=\"wpb_wrapper\"><style>.vcex-heading.vcex_69dc05ae311e3{color:var(--wpex-palette-4643-color);font-size:32px;font-weight:700;}<\/style><h2 class=\"vcex-heading vcex-heading-plain vcex-module wpex-heading wpex-text-2xl wpex-text-center vc_custom_1758616274109 vcex_69dc05ae311e3\"><span class=\"vcex-heading-inner wpex-inline-block\">Contacta amb nosaltres<\/span><\/h2>\n\t<div style=\"color:var(--wpex-palette-4643-color);font-size:18px;font-weight:300;text-align:center;width:600px;\" class=\"wpb_text_column has-custom-color wpex-child-inherit-color wpex-max-w-100 wpex-mx-auto wpb_content_element\" >\n\t\t<div class=\"wpb_wrapper\">\n\t\t\t<p><strong>Movixtel<\/strong> \u2013 La teva botiga de telecomunicacions i tecnologia a Sabadell, amb enviament i serveis en l\u00ednia per a tota Espanya.<\/p>\n\n\t\t<\/div>\n\t<\/div>\n<div class=\"vcex-spacing wpex-w-100 wpex-clear\"><\/div><style>.vcex-button.vcex_69dc05ae32787{border-radius:var(--wpex-rounded-full);color:var(--wpex-palette-4643-color)!important;border:1px solid #ffffff;font-size:16px;font-weight:400;}.vcex-button.vcex_69dc05ae32787:hover{background:var(--wpex-palette-4643-color)!important;color:var(--wpex-palette-4642-color)!important;}<\/style><div class=\"theme-button-wrap textcenter wpex-clr\"><a href=\"\/ca\/contacte\/\" class=\"vcex-button theme-button minimal-border align-center inline vcex_69dc05ae32787\" title=\"Contacte\"><span class=\"vcex-button-inner theme-button-inner wpex-flex wpex-flex-wrap wpex-items-center wpex-justify-center\">Contactar<span class=\"vcex-button-icon vcex-icon-wrap theme-button-icon-right\"><span class=\"wpex-icon\" aria-hidden=\"true\"><svg xmlns=\"http:\/\/www.w3.org\/2000\/svg\" viewBox=\"0 0 640 512\"><path d=\"M88.2 309.1c9.8-18.3 6.8-40.8-7.5-55.8C59.4 230.9 48 204 48 176c0-63.5 63.8-128 160-128s160 64.5 160 128s-63.8 128-160 128c-13.1 0-25.8-1.3-37.8-3.6c-10.4-2-21.2-.6-30.7 4.2c-4.1 2.1-8.3 4.1-12.6 6c-16 7.2-32.9 13.5-49.9 18c2.8-4.6 5.4-9.1 7.9-13.6c1.1-1.9 2.2-3.9 3.2-5.9zM0 176c0 41.8 17.2 80.1 45.9 110.3c-.9 1.7-1.9 3.5-2.8 5.1c-10.3 18.4-22.3 36.5-36.6 52.1c-6.6 7-8.3 17.2-4.6 25.9C5.8 378.3 14.4 384 24 384c43 0 86.5-13.3 122.7-29.7c4.8-2.2 9.6-4.5 14.2-6.8c15.1 3 30.9 4.5 47.1 4.5c114.9 0 208-78.8 208-176S322.9 0 208 0S0 78.8 0 176zM432 480c16.2 0 31.9-1.6 47.1-4.5c4.6 2.3 9.4 4.6 14.2 6.8C529.5 498.7 573 512 616 512c9.6 0 18.2-5.7 22-14.5c3.8-8.8 2-19-4.6-25.9c-14.2-15.6-26.2-33.7-36.6-52.1c-.9-1.7-1.9-3.4-2.8-5.1C622.8 384.1 640 345.8 640 304c0-94.4-87.9-171.5-198.2-175.8c4.1 15.2 6.2 31.2 6.2 47.8l0 .6c87.2 6.7 144 67.5 144 127.4c0 28-11.4 54.9-32.7 77.2c-14.3 15-17.3 37.6-7.5 55.8c1.1 2 2.2 4 3.2 5.9c2.5 4.5 5.2 9 7.9 13.6c-17-4.5-33.9-10.7-49.9-18c-4.3-1.9-8.5-3.9-12.6-6c-9.5-4.8-20.3-6.2-30.7-4.2c-12.1 2.4-24.7 3.6-37.8 3.6c-61.7 0-110-26.5-136.8-62.3c-16 5.4-32.8 9.4-50 11.8C279 439.8 350 480 432 480z\"\/><\/svg><\/span><\/span><\/span><\/a><\/div> <\/div><\/div><\/div><\/div><\/div>[\/vc_column][\/vc_row]\n<\/div>","protected":false},"excerpt":{"rendered":"Demana pressupost ara Emplena i envia el seg\u00fcent formulari de contacte, i et trucarem el m\u00e9s aviat possible. Activeu el JavaScript al navegador per a poder completar el formulari.Activeu el JavaScript al navegador per a poder completar el formulari.Nom *NombreApellidosM\u00f2bil *EmailTipus de dispositiu *M\u00f2bilTabletOrdinadorConsolaMarca i model del dispositiu *Descripci\u00f3 del problema *Pujar una foto (opcional)&hellip;","protected":false},"author":1,"featured_media":0,"parent":0,"menu_order":0,"comment_status":"closed","ping_status":"closed","template":"","meta":{"_joinchat":[],"footnotes":""},"class_list":["post-7265","page","type-page","status-publish","hentry","entry","no-media"],"yoast_head":"<!-- This site is optimized with the Yoast SEO plugin v26.0 - https:\/\/yoast.com\/wordpress\/plugins\/seo\/ -->\n<title>Botiga - Movixtel<\/title>\n<meta name=\"robots\" content=\"index, follow, max-snippet:-1, max-image-preview:large, max-video-preview:-1\" \/>\n<link rel=\"canonical\" href=\"https:\/\/movixtel.com\/ca\/botiga\/\" \/>\n<meta property=\"og:locale\" content=\"ca_ES\" \/>\n<meta property=\"og:type\" content=\"article\" \/>\n<meta property=\"og:title\" content=\"Botiga - Movixtel\" \/>\n<meta property=\"og:url\" content=\"https:\/\/movixtel.com\/ca\/botiga\/\" \/>\n<meta property=\"og:site_name\" content=\"Movixtel\" \/>\n<meta property=\"article:modified_time\" content=\"2025-09-24T08:01:46+00:00\" \/>\n<meta name=\"twitter:card\" content=\"summary_large_image\" \/>\n<meta name=\"twitter:label1\" content=\"Temps estimat de lectura\" \/>\n\t<meta name=\"twitter:data1\" content=\"1 minut\" \/>\n<script type=\"application\/ld+json\" class=\"yoast-schema-graph\">{\"@context\":\"https:\/\/schema.org\",\"@graph\":[{\"@type\":\"WebPage\",\"@id\":\"https:\/\/movixtel.com\/ca\/botiga\/\",\"url\":\"https:\/\/movixtel.com\/ca\/botiga\/\",\"name\":\"Botiga - Movixtel\",\"isPartOf\":{\"@id\":\"https:\/\/movixtel.com\/#website\"},\"datePublished\":\"2025-03-21T10:09:20+00:00\",\"dateModified\":\"2025-09-24T08:01:46+00:00\",\"breadcrumb\":{\"@id\":\"https:\/\/movixtel.com\/ca\/botiga\/#breadcrumb\"},\"inLanguage\":\"ca\",\"potentialAction\":[{\"@type\":\"ReadAction\",\"target\":[\"https:\/\/movixtel.com\/ca\/botiga\/\"]}]},{\"@type\":\"BreadcrumbList\",\"@id\":\"https:\/\/movixtel.com\/ca\/botiga\/#breadcrumb\",\"itemListElement\":[{\"@type\":\"ListItem\",\"position\":1,\"name\":\"Home\",\"item\":\"https:\/\/movixtel.com\/ca\/\"},{\"@type\":\"ListItem\",\"position\":2,\"name\":\"Botiga\"}]},{\"@type\":\"WebSite\",\"@id\":\"https:\/\/movixtel.com\/#website\",\"url\":\"https:\/\/movixtel.com\/\",\"name\":\"Movixtel\",\"description\":\"Soluciones para conectar tu mundo\",\"potentialAction\":[{\"@type\":\"SearchAction\",\"target\":{\"@type\":\"EntryPoint\",\"urlTemplate\":\"https:\/\/movixtel.com\/?s={search_term_string}\"},\"query-input\":{\"@type\":\"PropertyValueSpecification\",\"valueRequired\":true,\"valueName\":\"search_term_string\"}}],\"inLanguage\":\"ca\"}]}<\/script>\n<!-- \/ Yoast SEO plugin. -->","yoast_head_json":{"title":"Botiga - Movixtel","robots":{"index":"index","follow":"follow","max-snippet":"max-snippet:-1","max-image-preview":"max-image-preview:large","max-video-preview":"max-video-preview:-1"},"canonical":"https:\/\/movixtel.com\/ca\/botiga\/","og_locale":"ca_ES","og_type":"article","og_title":"Botiga - Movixtel","og_url":"https:\/\/movixtel.com\/ca\/botiga\/","og_site_name":"Movixtel","article_modified_time":"2025-09-24T08:01:46+00:00","twitter_card":"summary_large_image","twitter_misc":{"Temps estimat de lectura":"1 minut"},"schema":{"@context":"https:\/\/schema.org","@graph":[{"@type":"WebPage","@id":"https:\/\/movixtel.com\/ca\/botiga\/","url":"https:\/\/movixtel.com\/ca\/botiga\/","name":"Botiga - Movixtel","isPartOf":{"@id":"https:\/\/movixtel.com\/#website"},"datePublished":"2025-03-21T10:09:20+00:00","dateModified":"2025-09-24T08:01:46+00:00","breadcrumb":{"@id":"https:\/\/movixtel.com\/ca\/botiga\/#breadcrumb"},"inLanguage":"ca","potentialAction":[{"@type":"ReadAction","target":["https:\/\/movixtel.com\/ca\/botiga\/"]}]},{"@type":"BreadcrumbList","@id":"https:\/\/movixtel.com\/ca\/botiga\/#breadcrumb","itemListElement":[{"@type":"ListItem","position":1,"name":"Home","item":"https:\/\/movixtel.com\/ca\/"},{"@type":"ListItem","position":2,"name":"Botiga"}]},{"@type":"WebSite","@id":"https:\/\/movixtel.com\/#website","url":"https:\/\/movixtel.com\/","name":"Movixtel","description":"Soluciones para conectar tu mundo","potentialAction":[{"@type":"SearchAction","target":{"@type":"EntryPoint","urlTemplate":"https:\/\/movixtel.com\/?s={search_term_string}"},"query-input":{"@type":"PropertyValueSpecification","valueRequired":true,"valueName":"search_term_string"}}],"inLanguage":"ca"}]}},"_links":{"self":[{"href":"https:\/\/movixtel.com\/ca\/wp-json\/wp\/v2\/pages\/7265","targetHints":{"allow":["GET"]}}],"collection":[{"href":"https:\/\/movixtel.com\/ca\/wp-json\/wp\/v2\/pages"}],"about":[{"href":"https:\/\/movixtel.com\/ca\/wp-json\/wp\/v2\/types\/page"}],"author":[{"embeddable":true,"href":"https:\/\/movixtel.com\/ca\/wp-json\/wp\/v2\/users\/1"}],"replies":[{"embeddable":true,"href":"https:\/\/movixtel.com\/ca\/wp-json\/wp\/v2\/comments?post=7265"}],"version-history":[{"count":3,"href":"https:\/\/movixtel.com\/ca\/wp-json\/wp\/v2\/pages\/7265\/revisions"}],"predecessor-version":[{"id":7484,"href":"https:\/\/movixtel.com\/ca\/wp-json\/wp\/v2\/pages\/7265\/revisions\/7484"}],"wp:attachment":[{"href":"https:\/\/movixtel.com\/ca\/wp-json\/wp\/v2\/media?parent=7265"}],"curies":[{"name":"wp","href":"https:\/\/api.w.org\/{rel}","templated":true}]}}